{"id":6902,"date":"2025-08-21T09:36:54","date_gmt":"2025-08-21T09:36:54","guid":{"rendered":"https:\/\/incaptoprofesional.emc32.dev\/configuracion-de-cookies\/"},"modified":"2026-01-12T10:31:43","modified_gmt":"2026-01-12T10:31:43","slug":"configuracao-de-cookies","status":"publish","type":"page","link":"https:\/\/incaptoprofesional.emc32.dev\/pt-pt\/configuracao-de-cookies\/","title":{"rendered":"Configura\u00e7\u00e3o de Cookies"},"content":{"rendered":"<p>[et_pb_section fb_built=&#8221;1&#8243; _builder_version=&#8221;4.27.4&#8243; _module_preset=&#8221;default&#8221; hover_enabled=&#8221;0&#8243; global_colors_info=&#8221;{}&#8221; module_class=&#8221;cookie-sec&#8221; sticky_enabled=&#8221;0&#8243;][et_pb_row _builder_version=&#8221;4.27.4&#8243; _module_preset=&#8221;default&#8221; hover_enabled=&#8221;0&#8243; global_colors_info=&#8221;{}&#8221; custom_padding=&#8221;0px|30px|0px|30px|true|true&#8221; sticky_enabled=&#8221;0&#8243;][et_pb_column type=&#8221;4_4&#8243; _builder_version=&#8221;4.27.4&#8243; _module_preset=&#8221;default&#8221; global_colors_info=&#8221;{}&#8221;][et_pb_text _builder_version=&#8221;4.27.4&#8243; _module_preset=&#8221;default&#8221; hover_enabled=&#8221;0&#8243; global_colors_info=&#8221;{%22gcid-1384837d-ed6e-4c7c-9bf3-b2fd628fb463%22:%91%22header_3_text_color%22,%22header_6_text_color%22,%22header_text_color%22%93}&#8221; header_text_color=&#8221;gcid-1384837d-ed6e-4c7c-9bf3-b2fd628fb463&#8243; sticky_enabled=&#8221;0&#8243; custom_margin=&#8221;||20px||false|false&#8221;]<\/p>\n<h1>Configura\u00e7\u00e3o de Cookies<\/h1>\n<p>[\/et_pb_text][et_pb_text _builder_version=&#8221;4.27.4&#8243; _module_preset=&#8221;default&#8221; hover_enabled=&#8221;0&#8243; global_colors_info=&#8221;{%22gcid-1384837d-ed6e-4c7c-9bf3-b2fd628fb463%22:%91%22header_3_text_color%22,%22header_6_text_color%22,%22text_text_color%22%93}&#8221; text_text_color=&#8221;gcid-1384837d-ed6e-4c7c-9bf3-b2fd628fb463&#8243; sticky_enabled=&#8221;0&#8243; header_3_font=&#8221;PPNeueMontreal-Regular|600|||||||&#8221;]Na Incapto Profissional, com site em <span style=\"text-decoration: underline; color: #008000;\"><a href=\"https:\/\/incapto.com\/profesional\/\" style=\"color: #245644; text-decoration: underline;\">incapto.com\/profesional<\/a><\/span>, utilizamos cookies para melhorar a tua experi\u00eancia de navega\u00e7\u00e3o e oferecer-te conte\u00fados personalizados. Uma cookie \u00e9 um ficheiro de informa\u00e7\u00e3o que se guarda no teu dispositivo quando visitas determinadas p\u00e1ginas web. Estas cookies permitem-nos perceber como interages com o nosso site e ajudam-nos a melhorar a tua experi\u00eancia em visitas futuras.<\/p>\n<h3>Tipos de Cookies Utilizadas<\/h3>\n<p> Utilizamos v\u00e1rios tipos de cookies no nosso site: <\/p>\n<ul>\n<li><strong>Cookies Necess\u00e1rias:<\/strong> S\u00e3o essenciais para o funcionamento do site e n\u00e3o podem ser desativadas nos nossos sistemas.<\/li>\n<li><strong>Cookies de Desempenho e Anal\u00edticas:<\/strong> Permitem-nos reconhecer e contar o n\u00famero de visitantes, assim como ver como se movimentam pelo site enquanto o utilizam. Isto ajuda-nos a melhorar a forma como o nosso site funciona, por exemplo, garantindo que os utilizadores encontram facilmente o que procuram.<\/li>\n<li><strong>Cookies de Funcionalidade:<\/strong> Utilizam-se para te reconhecer quando regressas ao nosso site. Isto permite-nos personalizar o nosso conte\u00fado para ti, cumprimentar-te pelo nome e lembrar as tuas prefer\u00eancias (por exemplo, a tua escolha de idioma ou regi\u00e3o).<\/li>\n<li><strong>Cookies de Publicidade:<\/strong> Registamos a tua visita ao nosso site, as p\u00e1ginas que visitaste e os links que seguiste. Utilizaremos esta informa\u00e7\u00e3o para tornar o nosso site e a publicidade nele exibida mais relevantes para os teus interesses.<\/li>\n<\/ul>\n<h3>O Teu Consentimento<\/h3>\n<p> Ao utilizares o nosso site, consentes a utiliza\u00e7\u00e3o de cookies em conformidade com esta Pol\u00edtica de Cookies. Se decidires n\u00e3o aceitar as nossas cookies, \u00e9 poss\u00edvel que algumas partes do nosso site n\u00e3o funcionem como esperado.<\/p>\n<table>\n<thead>\n<tr>\n<th>Nome<\/th>\n<th>Pr\u00f3pria ou Terceiros<\/th>\n<th>Tipo<\/th>\n<th>Dom\u00ednio<\/th>\n<th>Descri\u00e7\u00e3o<\/th>\n<th>Dura\u00e7\u00e3o<\/th>\n<\/tr>\n<\/thead>\n<tbody>\n<tr>\n<td><code inline=\"\">_lscache_vary<\/code><\/td>\n<td>Pr\u00f3pria<\/td>\n<td>Necess\u00e1ria<\/td>\n<td>incapto.com<\/td>\n<td>Utilizada pelo LiteSpeed Cache para gerir vers\u00f5es de cache conforme o tipo de utilizador ou idioma.<\/td>\n<td>1 dia<\/td>\n<\/tr>\n<tr>\n<td><code inline=\"\">cookieyes-consent<\/code><\/td>\n<td>Pr\u00f3pria<\/td>\n<td>Necess\u00e1ria<\/td>\n<td>incapto.com<\/td>\n<td>Guarda o estado do consentimento do utilizador sobre a utiliza\u00e7\u00e3o de cookies de acordo com a ferramenta CookieYes.<\/td>\n<td>1 ano<\/td>\n<\/tr>\n<tr>\n<td><code inline=\"\">et-editor-available-post-3674-fb<\/code><\/td>\n<td>Pr\u00f3pria<\/td>\n<td>Funcional<\/td>\n<td>incapto.com<\/td>\n<td>Utilizada pelo editor Divi para permitir a edi\u00e7\u00e3o de conte\u00fado diretamente no site.<\/td>\n<td>34 minutos<\/td>\n<\/tr>\n<tr>\n<td><code inline=\"\">wordpress_logged_in_*<\/code><\/td>\n<td>Pr\u00f3pria<\/td>\n<td>Necess\u00e1ria<\/td>\n<td>incapto.com<\/td>\n<td>Identifica o utilizador ap\u00f3s iniciar sess\u00e3o no WordPress.<\/td>\n<td>Sess\u00e3o<\/td>\n<\/tr>\n<tr>\n<td><code inline=\"\">wordpress_sec_*<\/code><\/td>\n<td>Pr\u00f3pria<\/td>\n<td>Necess\u00e1ria<\/td>\n<td>incapto.com<\/td>\n<td>Mant\u00e9m a sess\u00e3o do utilizador segura no WordPress.<\/td>\n<td>Sess\u00e3o<\/td>\n<\/tr>\n<tr>\n<td><code inline=\"\">wordpress_test_cookie<\/code><\/td>\n<td>Pr\u00f3pria<\/td>\n<td>Necess\u00e1ria<\/td>\n<td>incapto.com<\/td>\n<td>Testa se o navegador do utilizador aceita cookies.<\/td>\n<td>Sess\u00e3o<\/td>\n<\/tr>\n<tr>\n<td><code inline=\"\">wp_lang<\/code><\/td>\n<td>Pr\u00f3pria<\/td>\n<td>Funcional<\/td>\n<td>incapto.com<\/td>\n<td>Armazena o idioma selecionado pelo utilizador.<\/td>\n<td>Sess\u00e3o<\/td>\n<\/tr>\n<tr>\n<td><code inline=\"\">wp-settings-time-2<\/code><\/td>\n<td>Pr\u00f3pria<\/td>\n<td>Funcional<\/td>\n<td>incapto.com<\/td>\n<td>Guarda as configura\u00e7\u00f5es da interface de administra\u00e7\u00e3o para o utilizador.<\/td>\n<td>1 ano<\/td>\n<\/tr>\n<tr>\n<td><code inline=\"\">wp-wpml_current_admin_language_d41d8cd98f00b204e9800998ecf8427e<\/code><\/td>\n<td>Pr\u00f3pria<\/td>\n<td>Funcional<\/td>\n<td>incapto.com<\/td>\n<td>Gere o idioma atual do painel de administra\u00e7\u00e3o atrav\u00e9s do WPML.<\/td>\n<td>1 hora<\/td>\n<\/tr>\n<tr>\n<td><code inline=\"\">wp-wpml_current_language<\/code><\/td>\n<td>Pr\u00f3pria<\/td>\n<td>Funcional<\/td>\n<td>incapto.com<\/td>\n<td>Guarda o idioma de navega\u00e7\u00e3o preferido do utilizador com WPML.<\/td>\n<td>Sess\u00e3o<\/td>\n<\/tr>\n<\/tbody>\n<\/table>\n<h3>Como Gerir as Cookies<\/h3>\n<p> Podes gerir e\/ou eliminar as cookies como quiseres. Para mais informa\u00e7\u00f5es, visita aboutcookies.org. Podes eliminar todas as cookies que j\u00e1 est\u00e3o no teu computador e podes configurar a maioria dos navegadores para impedir a sua instala\u00e7\u00e3o. No entanto, se o fizeres, poder\u00e1s ter de ajustar manualmente algumas prefer\u00eancias sempre que visitares um site e alguns servi\u00e7os e funcionalidades poder\u00e3o n\u00e3o funcionar. <\/p>\n<h3>Contacto<\/h3>\n<p> Se tiveres d\u00favidas sobre a nossa pol\u00edtica de cookies, podes contactar-nos atrav\u00e9s do <a href=\"mailto:hello@incapto.com\"><span style=\"text-decoration: underline; color: #245644;\">hello@incapto.com<\/span><\/a>.[\/et_pb_text][\/et_pb_column][\/et_pb_row][\/et_pb_section]<\/p>\n","protected":false},"excerpt":{"rendered":"<p>Configura\u00e7\u00e3o de CookiesNa Incapto Profissional, com site em incapto.com\/profesional, utilizamos cookies para melhorar a tua experi\u00eancia de navega\u00e7\u00e3o e oferecer-te conte\u00fados personalizados. Uma cookie \u00e9 um ficheiro de informa\u00e7\u00e3o que se guarda no teu dispositivo quando visitas determinadas p\u00e1ginas web. Estas cookies permitem-nos perceber como interages com o nosso site e ajudam-nos a melhorar a [&hellip;]<\/p>\n","protected":false},"author":2,"featured_media":0,"parent":0,"menu_order":0,"comment_status":"closed","ping_status":"closed","template":"","meta":{"_acf_changed":false,"_et_pb_use_builder":"on","_et_pb_old_content":"","_et_gb_content_width":"","inline_featured_image":false,"footnotes":""},"class_list":["post-6902","page","type-page","status-publish","hentry"],"acf":[],"_links":{"self":[{"href":"https:\/\/incaptoprofesional.emc32.dev\/pt-pt\/wp-json\/wp\/v2\/pages\/6902","targetHints":{"allow":["GET"]}}],"collection":[{"href":"https:\/\/incaptoprofesional.emc32.dev\/pt-pt\/wp-json\/wp\/v2\/pages"}],"about":[{"href":"https:\/\/incaptoprofesional.emc32.dev\/pt-pt\/wp-json\/wp\/v2\/types\/page"}],"author":[{"embeddable":true,"href":"https:\/\/incaptoprofesional.emc32.dev\/pt-pt\/wp-json\/wp\/v2\/users\/2"}],"replies":[{"embeddable":true,"href":"https:\/\/incaptoprofesional.emc32.dev\/pt-pt\/wp-json\/wp\/v2\/comments?post=6902"}],"version-history":[{"count":3,"href":"https:\/\/incaptoprofesional.emc32.dev\/pt-pt\/wp-json\/wp\/v2\/pages\/6902\/revisions"}],"predecessor-version":[{"id":6905,"href":"https:\/\/incaptoprofesional.emc32.dev\/pt-pt\/wp-json\/wp\/v2\/pages\/6902\/revisions\/6905"}],"wp:attachment":[{"href":"https:\/\/incaptoprofesional.emc32.dev\/pt-pt\/wp-json\/wp\/v2\/media?parent=6902"}],"curies":[{"name":"wp","href":"https:\/\/api.w.org\/{rel}","templated":true}]}}