{"id":4164,"date":"2025-09-22T06:21:04","date_gmt":"2025-09-22T06:21:04","guid":{"rendered":"https:\/\/incaptoprofesional.emc32.dev\/test\/"},"modified":"2025-11-27T14:46:53","modified_gmt":"2025-11-27T14:46:53","slug":"test","status":"publish","type":"page","link":"https:\/\/incaptoprofesional.emc32.dev\/pt-pt\/test\/","title":{"rendered":"test"},"content":{"rendered":"<p>[et_pb_section fb_built=&#8221;1&#8243; module_class=&#8221;home-banner-2&#8243; _builder_version=&#8221;4.27.4&#8243; _module_preset=&#8221;default&#8221; background_color=&#8221;rgba(0,0,0,0.25)&#8221; background_enable_image=&#8221;off&#8221; background_blend=&#8221;overlay&#8221; custom_padding=&#8221;140px|30px|140px|30px|true|true&#8221; custom_padding_tablet=&#8221;140px|30px|140px|30px|true|true&#8221; custom_padding_phone=&#8221;70px||70px||true|false&#8221; background_color_phone=&#8221;rgba(0,0,0,0.6)&#8221; background_last_edited=&#8221;on|desktop&#8221; background_enable_color_phone=&#8221;on&#8221; background_image_phone=&#8221;https:\/\/incaptoprofesional.emc32.dev\/wp-content\/uploads\/2025\/07\/B2B-Banner.webp&#8221; background_enable_image_phone=&#8221;on&#8221; background_position_phone=&#8221;center&#8221; custom_css_main_element=&#8221;@media(max-width:768px){||          background-position: right -161px center !important;||}&#8221; locked=&#8221;off&#8221; global_colors_info=&#8221;{}&#8221;][et_pb_row module_class=&#8221;row-1&#8243; _builder_version=&#8221;4.27.4&#8243; _module_preset=&#8221;default&#8221; custom_padding=&#8221;0px|0px||0px|false|true&#8221; custom_padding_phone=&#8221;|0px||0px|false|true&#8221; global_colors_info=&#8221;{}&#8221;][et_pb_column type=&#8221;4_4&#8243; _builder_version=&#8221;4.27.4&#8243; _module_preset=&#8221;default&#8221; global_colors_info=&#8221;{}&#8221;][et_pb_text _builder_version=&#8221;4.27.4&#8243; _module_preset=&#8221;default&#8221; text_font=&#8221;PT Mono||||||||&#8221; text_text_color=&#8221;#FFFFFF&#8221; text_font_size=&#8221;14px&#8221; header_6_text_color=&#8221;#FFFFFF&#8221; custom_margin=&#8221;||8px||false|false&#8221; text_font_size_tablet=&#8221;14px&#8221; text_font_size_phone=&#8221;13px&#8221; text_font_size_last_edited=&#8221;on|phone&#8221; global_colors_info=&#8221;{%22gcid-1384837d-ed6e-4c7c-9bf3-b2fd628fb463%22:%91%22header_5_text_color%22,%22header_4_text_color%22,%22header_3_text_color%22%93}&#8221;]<\/p>\n<h6>ELIMINA LAS C\u00c1PSULAS<\/h6>\n<p>[\/et_pb_text][et_pb_text _builder_version=&#8221;4.27.4&#8243; _module_preset=&#8221;default&#8221; header_text_color=&#8221;#FFFFFF&#8221; max_width=&#8221;698px&#8221; custom_margin_tablet=&#8221;&#8221; custom_margin_phone=&#8221;||10px||false|false&#8221; custom_margin_last_edited=&#8221;on|desktop&#8221; global_colors_info=&#8221;{}&#8221;]<\/p>\n<h1>Soluciones de caf\u00e9 y cafeteras profesionales para empresas<\/h1>\n<p>[\/et_pb_text][et_pb_text _builder_version=&#8221;4.27.4&#8243; _module_preset=&#8221;default&#8221; header_3_text_color=&#8221;#FFFFFF&#8221; header_3_line_height=&#8221;1.2em&#8221; header_4_text_color=&#8221;#FFFFFF&#8221; max_width=&#8221;698px&#8221; custom_padding=&#8221;||0px||false|false&#8221; header_3_font_size_phone=&#8221;18px&#8221; header_3_line_height_tablet=&#8221;1.2em&#8221; header_3_line_height_phone=&#8221;&#8221; header_3_line_height_last_edited=&#8221;on|phone&#8221; global_colors_info=&#8221;{%22gcid-1384837d-ed6e-4c7c-9bf3-b2fd628fb463%22:%91%22header_5_text_color%22,%22header_3_text_color%22,%22header_6_text_color%22%93}&#8221;]<\/p>\n<h4>Soluciones integrales para ofrecer un caf\u00e9 de calidad en cualquier negocio.\u00a0M\u00e1quinas, caf\u00e9, mantenimiento y soporte sin complicaciones.<\/h4>\n<p>[\/et_pb_text][\/et_pb_column][\/et_pb_row][et_pb_row custom_padding_last_edited=&#8221;on|desktop&#8221; module_class=&#8221;row-2&#8243; _builder_version=&#8221;4.27.4&#8243; _module_preset=&#8221;default&#8221; max_width_tablet=&#8221;&#8221; max_width_phone=&#8221;&#8221; max_width_last_edited=&#8221;on|desktop&#8221; custom_padding=&#8221;|0px||0px|false|true&#8221; custom_padding_tablet=&#8221;|0px||0px|false|true&#8221; custom_padding_phone=&#8221;|0px||0px|false|false&#8221; global_colors_info=&#8221;{}&#8221;][et_pb_column type=&#8221;4_4&#8243; _builder_version=&#8221;4.27.4&#8243; _module_preset=&#8221;default&#8221; custom_css_main_element=&#8221;  @media (min-width: 768px) {||      display: flex;||      gap: 15px;||  }&#8221; global_colors_info=&#8221;{}&#8221;][et_pb_button button_url=&#8221;#glbform&#8221; button_text=&#8221;CONT\u00c1CTANOS&#8221; _builder_version=&#8221;4.27.4&#8243; _module_preset=&#8221;87151008-90f4-4fb2-96ef-cc4046d8abe7&#8243; custom_margin_tablet=&#8221;&#8221; custom_margin_phone=&#8221;||16px||false|false&#8221; custom_margin_last_edited=&#8221;on|desktop&#8221; global_colors_info=&#8221;{}&#8221;][\/et_pb_button][et_pb_button button_url=&#8221;#&#8221; button_text=&#8221;AGENDAR UNA LLAMADA&#8221; _builder_version=&#8221;4.27.4&#8243; _module_preset=&#8221;default&#8221; button_border_color=&#8221;#FFFFFF&#8221; custom_padding=&#8221;10px|24px|10px|24px|true|true&#8221; button_bg_color_last_edited=&#8221;off|phone&#8221; button_bg_enable_color_phone=&#8221;off&#8221; global_colors_info=&#8221;{%22gcid-1384837d-ed6e-4c7c-9bf3-b2fd628fb463%22:%91%22button_bg_color__hover%22,%22button_border_color__hover%22%93}&#8221; button_text_color__hover_enabled=&#8221;off|hover&#8221; button_text_color__hover=&#8221;#FFFFFF&#8221; button_bg_color__hover_enabled=&#8221;on|hover&#8221; button_bg_color__hover=&#8221;#245644&#8243; button_bg_enable_color__hover=&#8221;on&#8221; button_border_color__hover_enabled=&#8221;on|desktop&#8221; button_border_color__hover=&#8221;#245644&#8243;][\/et_pb_button][\/et_pb_column][\/et_pb_row][\/et_pb_section]<\/p>\n","protected":false},"excerpt":{"rendered":"<p>ELIMINA LAS C\u00c1PSULAS Soluciones de caf\u00e9 y cafeteras profesionales para empresas Soluciones integrales para ofrecer un caf\u00e9 de calidad en cualquier negocio.\u00a0M\u00e1quinas, caf\u00e9, mantenimiento y soporte sin complicaciones.<\/p>\n","protected":false},"author":1,"featured_media":0,"parent":0,"menu_order":0,"comment_status":"closed","ping_status":"closed","template":"","meta":{"_acf_changed":false,"_et_pb_use_builder":"on","_et_pb_old_content":"","_et_gb_content_width":"","inline_featured_image":false,"footnotes":""},"class_list":["post-4164","page","type-page","status-publish","hentry"],"acf":[],"_links":{"self":[{"href":"https:\/\/incaptoprofesional.emc32.dev\/pt-pt\/wp-json\/wp\/v2\/pages\/4164","targetHints":{"allow":["GET"]}}],"collection":[{"href":"https:\/\/incaptoprofesional.emc32.dev\/pt-pt\/wp-json\/wp\/v2\/pages"}],"about":[{"href":"https:\/\/incaptoprofesional.emc32.dev\/pt-pt\/wp-json\/wp\/v2\/types\/page"}],"author":[{"embeddable":true,"href":"https:\/\/incaptoprofesional.emc32.dev\/pt-pt\/wp-json\/wp\/v2\/users\/1"}],"replies":[{"embeddable":true,"href":"https:\/\/incaptoprofesional.emc32.dev\/pt-pt\/wp-json\/wp\/v2\/comments?post=4164"}],"version-history":[{"count":6,"href":"https:\/\/incaptoprofesional.emc32.dev\/pt-pt\/wp-json\/wp\/v2\/pages\/4164\/revisions"}],"predecessor-version":[{"id":6424,"href":"https:\/\/incaptoprofesional.emc32.dev\/pt-pt\/wp-json\/wp\/v2\/pages\/4164\/revisions\/6424"}],"wp:attachment":[{"href":"https:\/\/incaptoprofesional.emc32.dev\/pt-pt\/wp-json\/wp\/v2\/media?parent=4164"}],"curies":[{"name":"wp","href":"https:\/\/api.w.org\/{rel}","templated":true}]}}