{"id":6900,"date":"2025-08-21T09:36:54","date_gmt":"2025-08-21T09:36:54","guid":{"rendered":"https:\/\/incaptoprofesional.emc32.dev\/configuracion-de-cookies\/"},"modified":"2026-01-12T10:52:49","modified_gmt":"2026-01-12T10:52:49","slug":"parametres-des-cookies","status":"publish","type":"page","link":"https:\/\/incaptoprofesional.emc32.dev\/fr\/parametres-des-cookies\/","title":{"rendered":"Cookies"},"content":{"rendered":"<p>[et_pb_section fb_built=\u00a0\u00bb1&Prime; _builder_version=\u00a0\u00bb4.27.4&Prime; _module_preset=\u00a0\u00bbdefault\u00a0\u00bb hover_enabled=\u00a0\u00bb0&Prime; global_colors_info=\u00a0\u00bb{}\u00a0\u00bb module_class=\u00a0\u00bbcookie-sec\u00a0\u00bb sticky_enabled=\u00a0\u00bb0&Prime;][et_pb_row _builder_version=\u00a0\u00bb4.27.4&Prime; _module_preset=\u00a0\u00bbdefault\u00a0\u00bb hover_enabled=\u00a0\u00bb0&Prime; global_colors_info=\u00a0\u00bb{}\u00a0\u00bb custom_padding=\u00a0\u00bb0px|30px|0px|30px|true|true\u00a0\u00bb sticky_enabled=\u00a0\u00bb0&Prime;][et_pb_column type=\u00a0\u00bb4_4&Prime; _builder_version=\u00a0\u00bb4.27.4&Prime; _module_preset=\u00a0\u00bbdefault\u00a0\u00bb global_colors_info=\u00a0\u00bb{}\u00a0\u00bb][et_pb_text _builder_version=\u00a0\u00bb4.27.4&Prime; _module_preset=\u00a0\u00bbdefault\u00a0\u00bb hover_enabled=\u00a0\u00bb0&Prime; global_colors_info=\u00a0\u00bb{%22gcid-1384837d-ed6e-4c7c-9bf3-b2fd628fb463%22:%91%22header_3_text_color%22,%22header_6_text_color%22,%22header_text_color%22%93}\u00a0\u00bb header_text_color=\u00a0\u00bbgcid-1384837d-ed6e-4c7c-9bf3-b2fd628fb463&Prime; sticky_enabled=\u00a0\u00bb0&Prime; custom_margin=\u00a0\u00bb||20px||false|false\u00a0\u00bb]<\/p>\n<h1>Param\u00e8tres des Cookies<\/h1>\n<p>[\/et_pb_text][et_pb_text _builder_version=\u00a0\u00bb4.27.4&Prime; _module_preset=\u00a0\u00bbdefault\u00a0\u00bb hover_enabled=\u00a0\u00bb0&Prime; global_colors_info=\u00a0\u00bb{%22gcid-1384837d-ed6e-4c7c-9bf3-b2fd628fb463%22:%91%22header_3_text_color%22,%22header_6_text_color%22,%22text_text_color%22%93}\u00a0\u00bb text_text_color=\u00a0\u00bbgcid-1384837d-ed6e-4c7c-9bf3-b2fd628fb463&Prime; sticky_enabled=\u00a0\u00bb0&Prime; header_3_font=\u00a0\u00bbPPNeueMontreal-Regular|600|||||||\u00a0\u00bb]En Incapto Professionnel, avec un site web sur <span style=\"text-decoration: underline; color: #008000;\"><a href=\"https:\/\/incapto.com\/profesional\/\" style=\"color: #245644; text-decoration: underline;\">incapto.com\/profesional<\/a><\/span>, nous utilisons des cookies pour am\u00e9liorer votre exp\u00e9rience de navigation et vous offrir du contenu personnalis\u00e9. Un cookie est un fichier d&rsquo;information enregistr\u00e9 sur votre appareil lorsque vous visitez certains sites web. Ces cookies nous permettent de comprendre comment vous interagissez avec notre site et nous aident \u00e0 am\u00e9liorer votre exp\u00e9rience lors de vos prochaines visites.<\/p>\n<h3>Types de Cookies Utilis\u00e9s<\/h3>\n<p> Nous utilisons diff\u00e9rents types de cookies sur notre site web : <\/p>\n<ul>\n<li><strong>Cookies N\u00e9cessaires :<\/strong> Essentielles au bon fonctionnement du site web, elles ne peuvent pas \u00eatre d\u00e9sactiv\u00e9es dans nos syst\u00e8mes.<\/li>\n<li><strong>Cookies de Performance et d\u2019Analyse :<\/strong> Elles nous permettent de reconna\u00eetre et de comptabiliser le nombre de visiteurs, ainsi que de voir comment ils naviguent sur le site. Cela nous aide \u00e0 am\u00e9liorer la fa\u00e7on dont notre site fonctionne, par exemple en veillant \u00e0 ce que les utilisateurs trouvent facilement ce qu\u2019ils cherchent.<\/li>\n<li><strong>Cookies de Fonctionnalit\u00e9 :<\/strong> Elles servent \u00e0 vous reconna\u00eetre lorsque vous revenez sur notre site web. Cela nous permet de personnaliser notre contenu pour vous, de vous saluer par votre nom et de m\u00e9moriser vos pr\u00e9f\u00e9rences (comme votre choix de langue ou de r\u00e9gion).<\/li>\n<li><strong>Cookies Publicitaires :<\/strong> Nous enregistrons votre visite sur notre site, les pages que vous avez consult\u00e9es et les liens que vous avez suivis. Nous utiliserons ces informations pour rendre notre site et la publicit\u00e9 affich\u00e9e plus pertinents pour vos int\u00e9r\u00eats.<\/li>\n<\/ul>\n<h3>Votre Consentement<\/h3>\n<p> En utilisant notre site web, vous consentez \u00e0 l\u2019utilisation des cookies conform\u00e9ment \u00e0 cette Politique de Cookies. Si vous choisissez de ne pas accepter nos cookies, certaines parties de notre site web pourraient ne pas fonctionner comme pr\u00e9vu.<\/p>\n<table>\n<thead>\n<tr>\n<th>Nom<\/th>\n<th>Propre ou Tiers<\/th>\n<th>Type<\/th>\n<th>Domaine<\/th>\n<th>Description<\/th>\n<th>Dur\u00e9e<\/th>\n<\/tr>\n<\/thead>\n<tbody>\n<tr>\n<td><code inline=\"\">_lscache_vary<\/code><\/td>\n<td>Propre<\/td>\n<td>N\u00e9cessaire<\/td>\n<td>incapto.com<\/td>\n<td>Utilis\u00e9 par LiteSpeed Cache pour g\u00e9rer les versions du cache selon le type d\u2019utilisateur ou la langue.<\/td>\n<td>1 jour<\/td>\n<\/tr>\n<tr>\n<td><code inline=\"\">cookieyes-consent<\/code><\/td>\n<td>Propre<\/td>\n<td>N\u00e9cessaire<\/td>\n<td>incapto.com<\/td>\n<td>Enregistre l\u2019\u00e9tat du consentement de l\u2019utilisateur concernant l\u2019utilisation des cookies, selon l\u2019outil CookieYes.<\/td>\n<td>1 an<\/td>\n<\/tr>\n<tr>\n<td><code inline=\"\">et-editor-available-post-3674-fb<\/code><\/td>\n<td>Propre<\/td>\n<td>Fonctionnel<\/td>\n<td>incapto.com<\/td>\n<td>Utilis\u00e9 par l\u2019\u00e9diteur Divi pour permettre l\u2019\u00e9dition directe du contenu sur le site.<\/td>\n<td>34 minutes<\/td>\n<\/tr>\n<tr>\n<td><code inline=\"\">wordpress_logged_in_*<\/code><\/td>\n<td>Propre<\/td>\n<td>N\u00e9cessaire<\/td>\n<td>incapto.com<\/td>\n<td>Identifie l\u2019utilisateur une fois connect\u00e9 \u00e0 WordPress.<\/td>\n<td>Session<\/td>\n<\/tr>\n<tr>\n<td><code inline=\"\">wordpress_sec_*<\/code><\/td>\n<td>Propre<\/td>\n<td>N\u00e9cessaire<\/td>\n<td>incapto.com<\/td>\n<td>Maintient la session utilisateur s\u00e9curis\u00e9e sur WordPress.<\/td>\n<td>Session<\/td>\n<\/tr>\n<tr>\n<td><code inline=\"\">wordpress_test_cookie<\/code><\/td>\n<td>Propre<\/td>\n<td>N\u00e9cessaire<\/td>\n<td>incapto.com<\/td>\n<td>Teste si le navigateur de l\u2019utilisateur accepte les cookies.<\/td>\n<td>Session<\/td>\n<\/tr>\n<tr>\n<td><code inline=\"\">wp_lang<\/code><\/td>\n<td>Propre<\/td>\n<td>Fonctionnel<\/td>\n<td>incapto.com<\/td>\n<td>Enregistre la langue s\u00e9lectionn\u00e9e par l\u2019utilisateur.<\/td>\n<td>Session<\/td>\n<\/tr>\n<tr>\n<td><code inline=\"\">wp-settings-time-2<\/code><\/td>\n<td>Propre<\/td>\n<td>Fonctionnel<\/td>\n<td>incapto.com<\/td>\n<td>Enregistre les param\u00e8tres de l\u2019interface d\u2019administration pour l\u2019utilisateur.<\/td>\n<td>1 an<\/td>\n<\/tr>\n<tr>\n<td><code inline=\"\">wp-wpml_current_admin_language_d41d8cd98f00b204e9800998ecf8427e<\/code><\/td>\n<td>Propre<\/td>\n<td>Fonctionnel<\/td>\n<td>incapto.com<\/td>\n<td>G\u00e8re la langue actuelle du panneau d\u2019administration via WPML.<\/td>\n<td>1 heure<\/td>\n<\/tr>\n<tr>\n<td><code inline=\"\">wp-wpml_current_language<\/code><\/td>\n<td>Propre<\/td>\n<td>Fonctionnel<\/td>\n<td>incapto.com<\/td>\n<td>Enregistre la langue de navigation pr\u00e9f\u00e9r\u00e9e de l\u2019utilisateur avec WPML.<\/td>\n<td>Session<\/td>\n<\/tr>\n<\/tbody>\n<\/table>\n<h3>Comment G\u00e9rer les Cookies<\/h3>\n<p> Vous pouvez g\u00e9rer et\/ou supprimer les cookies comme bon vous semble. Pour plus d\u2019informations, visitez aboutcookies.org. Vous pouvez supprimer tous les cookies d\u00e9j\u00e0 pr\u00e9sents sur votre ordinateur et configurer la plupart des navigateurs pour emp\u00eacher leur installation. Toutefois, si vous faites cela, il se peut que vous deviez ajuster manuellement certaines pr\u00e9f\u00e9rences chaque fois que vous visitez un site, et certains services ou fonctionnalit\u00e9s pourraient ne pas fonctionner. <\/p>\n<h3>Contact<\/h3>\n<p> Si vous avez des questions concernant notre politique de cookies, vous pouvez nous contacter \u00e0 <a href=\"mailto:hello@incapto.com\"><span style=\"text-decoration: underline; color: #245644;\">hello@incapto.com<\/span><\/a>.[\/et_pb_text][\/et_pb_column][\/et_pb_row][\/et_pb_section]<\/p>\n","protected":false},"excerpt":{"rendered":"<p>Param\u00e8tres des CookiesEn Incapto Professionnel, avec un site web sur incapto.com\/profesional, nous utilisons des cookies pour am\u00e9liorer votre exp\u00e9rience de navigation et vous offrir du contenu personnalis\u00e9. Un cookie est un fichier d&rsquo;information enregistr\u00e9 sur votre appareil lorsque vous visitez certains sites web. Ces cookies nous permettent de comprendre comment vous interagissez avec notre site [&hellip;]<\/p>\n","protected":false},"author":2,"featured_media":0,"parent":0,"menu_order":0,"comment_status":"closed","ping_status":"closed","template":"","meta":{"_acf_changed":false,"_et_pb_use_builder":"on","_et_pb_old_content":"","_et_gb_content_width":"","inline_featured_image":false,"footnotes":""},"class_list":["post-6900","page","type-page","status-publish","hentry"],"acf":[],"_links":{"self":[{"href":"https:\/\/incaptoprofesional.emc32.dev\/fr\/wp-json\/wp\/v2\/pages\/6900","targetHints":{"allow":["GET"]}}],"collection":[{"href":"https:\/\/incaptoprofesional.emc32.dev\/fr\/wp-json\/wp\/v2\/pages"}],"about":[{"href":"https:\/\/incaptoprofesional.emc32.dev\/fr\/wp-json\/wp\/v2\/types\/page"}],"author":[{"embeddable":true,"href":"https:\/\/incaptoprofesional.emc32.dev\/fr\/wp-json\/wp\/v2\/users\/2"}],"replies":[{"embeddable":true,"href":"https:\/\/incaptoprofesional.emc32.dev\/fr\/wp-json\/wp\/v2\/comments?post=6900"}],"version-history":[{"count":7,"href":"https:\/\/incaptoprofesional.emc32.dev\/fr\/wp-json\/wp\/v2\/pages\/6900\/revisions"}],"predecessor-version":[{"id":8096,"href":"https:\/\/incaptoprofesional.emc32.dev\/fr\/wp-json\/wp\/v2\/pages\/6900\/revisions\/8096"}],"wp:attachment":[{"href":"https:\/\/incaptoprofesional.emc32.dev\/fr\/wp-json\/wp\/v2\/media?parent=6900"}],"curies":[{"name":"wp","href":"https:\/\/api.w.org\/{rel}","templated":true}]}}